{"id":361,"date":"2020-04-07T05:55:16","date_gmt":"2020-04-07T05:55:16","guid":{"rendered":"http:\/\/www.lerom.ch\/?page_id=361"},"modified":"2025-12-23T12:20:28","modified_gmt":"2025-12-23T12:20:28","slug":"horn","status":"publish","type":"page","link":"https:\/\/www.lerom.ch\/index.php\/horn\/","title":{"rendered":"Horn"},"content":{"rendered":"\n<p>In der steuerg\u00fcnstigen Gemeinde Horn, idyllisch am Bodensee gelegen mit guter Verkehrsanbindung, besitzt und verwaltet die Lerom Liegenschaften AG zwei von f\u00fcnf Mehrfamilienh\u00e4user der \u00dcberbauung &#8222;Horn-West&#8220;.<\/p>\n\n\n\n<figure class=\"wp-block-image size-large\"><img loading=\"lazy\" decoding=\"async\" width=\"448\" height=\"299\" src=\"http:\/\/www.lerom.ch\/wp-content\/uploads\/2014\/11\/Horn-Bhpl2-Aussenansicht.jpg\" alt=\"\" class=\"wp-image-255\" srcset=\"https:\/\/www.lerom.ch\/wp-content\/uploads\/2014\/11\/Horn-Bhpl2-Aussenansicht.jpg 448w, https:\/\/www.lerom.ch\/wp-content\/uploads\/2014\/11\/Horn-Bhpl2-Aussenansicht-300x200.jpg 300w\" sizes=\"auto, (max-width: 448px) 100vw, 448px\" \/><figcaption class=\"wp-element-caption\"> Bahnhofplatz 2 (links) und 4 (mittig), 9326 Horn. <\/figcaption><\/figure>\n\n\n\n<p>Hier stehen am Bahnhofplatz 2 + 4 insgesamt 18 Mietwohnungen, zwei Gesch\u00e4ftsr\u00e4umlichkeiten sowie 28 Tiefgaragen-Parkpl\u00e4tze f\u00fcr PKWs und vier Parkpl\u00e4tze f\u00fcr Motorr\u00e4der zur Verf\u00fcgung.  <\/p>\n\n\n\n<h4 class=\"has-text-color wp-block-heading\" style=\"color:#272674\"><strong>Bahnhofplatz 2 (MFH C)<\/strong>  <\/h4>\n\n\n\n<p>2.5- und 3.5-Zimmerwohnungen sowie zwei Gesch\u00e4ftsr\u00e4umlichkeiten.<\/p>\n\n\n\n<h4 class=\"has-text-color wp-block-heading\" style=\"color:#272674\"><strong>Bahnhofplatz 4 (MFH D)<\/strong> <\/h4>\n\n\n\n<p>4.5- und 5.5-Zimmerwohnungen sowie eine 2.5-Zimmerwohnung im Anbau. <\/p>\n\n\n\n<p>Beide Mehrfamilienh\u00e4user verf\u00fcgen je \u00fcber <strong>zwei komplette Waschk\u00fcchen<\/strong> (Waschmaschine, Tumbler, Secomat). Der Strombezug erfolgt via Wohnungs-bezogener Steckkarten, die Abrechnung erfolgt bequem via Nebenkosten. Jede Wohnung verf\u00fcgt zudem \u00fcber ein <strong>grossz\u00fcgiges Kellerabteil<\/strong> samt Stromanschluss (bspw. f\u00fcr gr\u00f6ssere Gefrierschr\u00e4nke). F\u00fcr Fahrr\u00e4der steht pro Haus ein gemeinschaftlich genutzter und <strong>abschliessbarer Abstellraum <\/strong>bereit. Sie finden <strong>Grundrisse <\/strong>der verschiedenen Wohnungstypen im Bereich <strong><a href=\"http:\/\/www.lerom.ch\/index.php\/downloads\/\">Downloads<\/a><\/strong>. <\/p>\n\n\n\n<p>Die <strong>Tiefgarage <\/strong>wird mit allen f\u00fcnf Mehrfamilienh\u00e4usern geteilt. Es bestehen direkte Zug\u00e4nge in die einzelnen Mehrfamilienh\u00e4user, inkl. Lift. <\/p>\n\n\n\n<p>Kinderspielplatz, Ping-Pong Tisch und Gartensitzplatz der gesamten \u00dcberbauung k\u00f6nnen mitgenutzt werden. <\/p>\n\n\n\n<p>In <strong>Gehdistanz <\/strong>befinden sich:<\/p>\n\n\n\n<ul class=\"wp-block-list\">\n<li>der See mit sch\u00f6ner Uferpromenade<\/li>\n\n\n\n<li>die Badi Horn<\/li>\n\n\n\n<li>Kindergarten, Primar- und Sekundarschule<\/li>\n\n\n\n<li>eine Bank<\/li>\n\n\n\n<li>diverse Restaurants<\/li>\n\n\n\n<li>Einkaufsm\u00f6glichkeiten (mit langen \u00d6ffnungszeiten)<\/li>\n\n\n\n<li>eine B\u00e4ckerei<\/li>\n\n\n\n<li>ein Fitnesscenter <\/li>\n\n\n\n<li>Bus- und Bahnanbindung <\/li>\n<\/ul>\n\n\n\n<p>Der <strong>Autobahnanschluss <\/strong>in Richtung St. Gallen\/Z\u00fcrich sowie St. Margrethen\/Chur ist nur knapp 3km entfernt. <\/p>\n","protected":false},"excerpt":{"rendered":"<p>In der steuerg\u00fcnstigen Gemeinde Horn, idyllisch am Bodensee gelegen mit guter Verkehrsanbindung, besitzt und verwaltet die Lerom Liegenschaften AG zwei von f\u00fcnf Mehrfamilienh\u00e4user der \u00dcberbauung &#8222;Horn-West&#8220;. Hier stehen am Bahnhofplatz 2 + 4 insgesamt 18 Mietwohnungen, zwei Gesch\u00e4ftsr\u00e4umlichkeiten sowie 28 Tiefgaragen-Parkpl\u00e4tze f\u00fcr PKWs und vier Parkpl\u00e4tze f\u00fcr Motorr\u00e4der zur Verf\u00fcgung. Bahnhofplatz 2 (MFH C) 2.5- [&hellip;]<\/p>\n","protected":false},"author":1,"featured_media":0,"parent":0,"menu_order":0,"comment_status":"closed","ping_status":"closed","template":"","meta":{"footnotes":"","_links_to":"","_links_to_target":""},"class_list":["post-361","page","type-page","status-publish","hentry"],"_links":{"self":[{"href":"https:\/\/www.lerom.ch\/index.php\/wp-json\/wp\/v2\/pages\/361","targetHints":{"allow":["GET"]}}],"collection":[{"href":"https:\/\/www.lerom.ch\/index.php\/wp-json\/wp\/v2\/pages"}],"about":[{"href":"https:\/\/www.lerom.ch\/index.php\/wp-json\/wp\/v2\/types\/page"}],"author":[{"embeddable":true,"href":"https:\/\/www.lerom.ch\/index.php\/wp-json\/wp\/v2\/users\/1"}],"replies":[{"embeddable":true,"href":"https:\/\/www.lerom.ch\/index.php\/wp-json\/wp\/v2\/comments?post=361"}],"version-history":[{"count":29,"href":"https:\/\/www.lerom.ch\/index.php\/wp-json\/wp\/v2\/pages\/361\/revisions"}],"predecessor-version":[{"id":768,"href":"https:\/\/www.lerom.ch\/index.php\/wp-json\/wp\/v2\/pages\/361\/revisions\/768"}],"wp:attachment":[{"href":"https:\/\/www.lerom.ch\/index.php\/wp-json\/wp\/v2\/media?parent=361"}],"curies":[{"name":"wp","href":"https:\/\/api.w.org\/{rel}","templated":true}]}}