{"id":378,"date":"2020-04-07T05:48:52","date_gmt":"2020-04-07T05:48:52","guid":{"rendered":"http:\/\/www.lerom.ch\/?page_id=378"},"modified":"2023-02-10T09:59:04","modified_gmt":"2023-02-10T09:59:04","slug":"downloads","status":"publish","type":"page","link":"https:\/\/www.lerom.ch\/index.php\/downloads\/","title":{"rendered":"Downloads"},"content":{"rendered":"\n<p>Untenstehend finden Sie die Grundriss-Pl\u00e4ne unserer Wohnungen in Horn und M\u00f6rschwil zum Download. <\/p>\n\n\n\n<p>Bitte beachten Sie, dass die Pl\u00e4ne auf Grund von Kopien und Ausdrucken nicht 100% massstabsgetreu sind.<\/p>\n\n\n\n<h4 class=\"has-text-color wp-block-heading\" style=\"color:#272674\"><strong>St. Gallerstrasse 22, 9402 M\u00f6rschwil (MFH B)<\/strong> <\/h4>\n\n\n\n<p>1. OG, 4.5-Zimmer Wohnung (ca. 108.19 m2):<\/p>\n\n\n\n<div class=\"wp-block-file\"><a id=\"wp-block-file--media-833a223a-459d-4c51-acd8-728f7746efcd\" href=\"https:\/\/www.lerom.ch\/wp-content\/uploads\/2023\/02\/LEROM-Liegenschaften-AG_Grundriss-A4_Whg-B3_Moerschwil-1.pdf\">B3<\/a><a href=\"https:\/\/www.lerom.ch\/wp-content\/uploads\/2023\/02\/LEROM-Liegenschaften-AG_Grundriss-A4_Whg-B3_Moerschwil-1.pdf\" class=\"wp-block-file__button wp-element-button\" download aria-describedby=\"wp-block-file--media-833a223a-459d-4c51-acd8-728f7746efcd\">Herunterladen<\/a><\/div>\n\n\n\n<h4 class=\"has-text-color wp-block-heading\" style=\"color:#272674\"><strong>Bahnhofplatz 2, 9326 Horn (MFH C)<\/strong> <\/h4>\n\n\n\n<p>1. &#8211; 3. OG, 2.5-Zimmer Wohnungen (ca. 62.3 m2):<\/p>\n\n\n\n<div class=\"wp-block-group is-layout-flow wp-block-group-is-layout-flow\">\n<div class=\"wp-block-file\"><a id=\"wp-block-file--media-301eebbb-d97c-4c83-8469-ecefe5f73b37\" href=\"http:\/\/www.lerom.ch\/wp-content\/uploads\/2014\/12\/Lerom_Haus_C_C2.2_C3.2_C4.2_62.3m2.pdf\"> <strong>C2.2<\/strong> \/ <strong>C3.2<\/strong> \/ <strong>C4.2<\/strong><\/a><a href=\"http:\/\/www.lerom.ch\/wp-content\/uploads\/2014\/12\/Lerom_Haus_C_C2.2_C3.2_C4.2_62.3m2.pdf\" class=\"wp-block-file__button wp-element-button\" download aria-describedby=\"wp-block-file--media-301eebbb-d97c-4c83-8469-ecefe5f73b37\">Herunterladen<\/a><\/div>\n\n\n\n<hr class=\"wp-block-separator has-text-color has-css-opacity has-background is-style-wide\" style=\"background-color:#272674;color:#272674\"\/>\n\n\n\n<p>1. &#8211; 3. OG, 3.5-Zimmer Wohnungen (ca. 86.2 m2):<\/p>\n\n\n\n<div class=\"wp-block-file\"><a id=\"wp-block-file--media-3f3fe713-a8d0-4662-99cf-23d3fe934e29\" href=\"http:\/\/www.lerom.ch\/wp-content\/uploads\/2014\/12\/Lerom_Haus_C_C2.1_C3.1_C4.1_86.2m2.pdf\"><strong>C2.1<\/strong> \/ <strong>C3.1<\/strong> \/ <strong>C4.1<\/strong><\/a><a href=\"http:\/\/www.lerom.ch\/wp-content\/uploads\/2014\/12\/Lerom_Haus_C_C2.1_C3.1_C4.1_86.2m2.pdf\" class=\"wp-block-file__button wp-element-button\" download aria-describedby=\"wp-block-file--media-3f3fe713-a8d0-4662-99cf-23d3fe934e29\">Herunterladen<\/a><\/div>\n\n\n\n<hr class=\"wp-block-separator has-text-color has-css-opacity has-background is-style-wide\" style=\"background-color:#272674;color:#272674\"\/>\n\n\n\n<p>1. &#8211; 3. OG, 3.5-Zimmer Wohnungen (ca. 86.2 m2):<\/p>\n\n\n\n<div class=\"wp-block-file\"><a id=\"wp-block-file--media-91452939-b026-4e45-b44c-633345b702b1\" href=\"http:\/\/www.lerom.ch\/wp-content\/uploads\/2014\/12\/Lerom_Haus_C_C2.3_C3.3_C4.3_86.2m2.pdf\"> <strong>C2.3<\/strong> \/ <strong>C3.3<\/strong> \/ <strong>C4.3<\/strong><\/a><a href=\"http:\/\/www.lerom.ch\/wp-content\/uploads\/2014\/12\/Lerom_Haus_C_C2.3_C3.3_C4.3_86.2m2.pdf\" class=\"wp-block-file__button wp-element-button\" download aria-describedby=\"wp-block-file--media-91452939-b026-4e45-b44c-633345b702b1\">Herunterladen<\/a><\/div>\n<\/div>\n\n\n\n<h4 class=\"has-text-color wp-block-heading\" style=\"color:#272674\"><strong>Bahnhofplatz 4<strong>, 9326 Horn<\/strong> (MFH D)<\/strong> <\/h4>\n\n\n\n<p>EG, 2.5-Zimmer Wohnung (ca. 63.7 m2):<\/p>\n\n\n\n<div class=\"wp-block-group is-layout-flow wp-block-group-is-layout-flow\">\n<div class=\"wp-block-group is-layout-flow wp-block-group-is-layout-flow\">\n<div class=\"wp-block-group is-layout-flow wp-block-group-is-layout-flow\">\n<div class=\"wp-block-file\"><a id=\"wp-block-file--media-e7a0720b-03cd-493e-aec4-bbd7016a94ed\" href=\"http:\/\/www.lerom.ch\/wp-content\/uploads\/2014\/12\/Lerom_Haus_D_D1.3_63.7m2.pdf\"><strong>D1.3<\/strong><\/a><a href=\"http:\/\/www.lerom.ch\/wp-content\/uploads\/2014\/12\/Lerom_Haus_D_D1.3_63.7m2.pdf\" class=\"wp-block-file__button wp-element-button\" download aria-describedby=\"wp-block-file--media-e7a0720b-03cd-493e-aec4-bbd7016a94ed\">Herunterladen<\/a><\/div>\n\n\n\n<hr class=\"wp-block-separator has-text-color has-css-opacity has-background is-style-wide\" style=\"background-color:#272674;color:#272674\"\/>\n\n\n\n<p>EG, 4.5-Zimmer Wohnung (ca. 108.8 m2):<\/p>\n\n\n\n<div class=\"wp-block-file\"><a id=\"wp-block-file--media-75ae37e9-b7c6-48d5-a49f-5961665384de\" href=\"http:\/\/www.lerom.ch\/wp-content\/uploads\/2014\/12\/Lerom_Haus_D_D1.1_108.8m2.pdf\"><strong>D1.1<\/strong><\/a><a href=\"http:\/\/www.lerom.ch\/wp-content\/uploads\/2014\/12\/Lerom_Haus_D_D1.1_108.8m2.pdf\" class=\"wp-block-file__button wp-element-button\" download aria-describedby=\"wp-block-file--media-75ae37e9-b7c6-48d5-a49f-5961665384de\">Herunterladen<\/a><\/div>\n\n\n\n<hr class=\"wp-block-separator has-text-color has-css-opacity has-background is-style-wide\" style=\"background-color:#272674;color:#272674\"\/>\n\n\n\n<p>EG, 5.5-Zimmer Wohnung (ca. 124.4 m2):<\/p>\n\n\n\n<div class=\"wp-block-file\"><a id=\"wp-block-file--media-5cc627e4-1ee9-4efc-83f3-5d390195bdae\" href=\"http:\/\/www.lerom.ch\/wp-content\/uploads\/2014\/12\/Lerom_Haus-D_D1.2_124.4m2.pdf\"><strong>D1.2<\/strong><\/a><a href=\"http:\/\/www.lerom.ch\/wp-content\/uploads\/2014\/12\/Lerom_Haus-D_D1.2_124.4m2.pdf\" class=\"wp-block-file__button wp-element-button\" download aria-describedby=\"wp-block-file--media-5cc627e4-1ee9-4efc-83f3-5d390195bdae\">Herunterladen<\/a><\/div>\n\n\n\n<hr class=\"wp-block-separator has-text-color has-css-opacity has-background is-style-wide\" style=\"background-color:#272674;color:#272674\"\/>\n\n\n\n<p>1. &#8211; 3. OG, 4.5-Zimmer Wohnungen (ca. 108.8 m2):<\/p>\n\n\n\n<div class=\"wp-block-file\"><a id=\"wp-block-file--media-67fe2a4c-f019-4622-9b74-1fdacf258aaf\" href=\"http:\/\/www.lerom.ch\/wp-content\/uploads\/2014\/12\/Lerom_Haus_D_D2.1_D3.1_D4.1_108.8m2.pdf\"><strong>D2.1<\/strong> \/ <strong>D3.1<\/strong> \/ <strong>D4.1<\/strong><\/a><a href=\"http:\/\/www.lerom.ch\/wp-content\/uploads\/2014\/12\/Lerom_Haus_D_D2.1_D3.1_D4.1_108.8m2.pdf\" class=\"wp-block-file__button wp-element-button\" download aria-describedby=\"wp-block-file--media-67fe2a4c-f019-4622-9b74-1fdacf258aaf\">Herunterladen<\/a><\/div>\n<\/div>\n\n\n\n<hr class=\"wp-block-separator has-text-color has-css-opacity has-background is-style-wide\" style=\"background-color:#272674;color:#272674\"\/>\n\n\n\n<p>1. &#8211; 3. OG, 5.5-Zimmer Wohnungen (ca. 124.4 m2):<\/p>\n\n\n\n<div class=\"wp-block-file\"><a id=\"wp-block-file--media-0bcbcb41-fc3d-40ea-b19f-0f3e500bedfa\" href=\"http:\/\/www.lerom.ch\/wp-content\/uploads\/2014\/12\/Lerom_Haus_D_D2.2_D3.2_D4.2_124.4m2.pdf\"> <strong>D2.2<\/strong> \/ <strong>D3.2<\/strong> \/ <strong>D4.2<\/strong><\/a><a href=\"http:\/\/www.lerom.ch\/wp-content\/uploads\/2014\/12\/Lerom_Haus_D_D2.2_D3.2_D4.2_124.4m2.pdf\" class=\"wp-block-file__button wp-element-button\" download aria-describedby=\"wp-block-file--media-0bcbcb41-fc3d-40ea-b19f-0f3e500bedfa\">Herunterladen<\/a><\/div>\n<\/div>\n<\/div>\n","protected":false},"excerpt":{"rendered":"<p>Untenstehend finden Sie die Grundriss-Pl\u00e4ne unserer Wohnungen in Horn und M\u00f6rschwil zum Download. Bitte beachten Sie, dass die Pl\u00e4ne auf Grund von Kopien und Ausdrucken nicht 100% massstabsgetreu sind. St. Gallerstrasse 22, 9402 M\u00f6rschwil (MFH B) 1. OG, 4.5-Zimmer Wohnung (ca. 108.19 m2): Bahnhofplatz 2, 9326 Horn (MFH C) 1. &#8211; 3. OG, 2.5-Zimmer Wohnungen [&hellip;]<\/p>\n","protected":false},"author":1,"featured_media":474,"parent":0,"menu_order":0,"comment_status":"closed","ping_status":"closed","template":"","meta":{"footnotes":"","_links_to":"","_links_to_target":""},"class_list":["post-378","page","type-page","status-publish","has-post-thumbnail","hentry"],"_links":{"self":[{"href":"https:\/\/www.lerom.ch\/index.php\/wp-json\/wp\/v2\/pages\/378","targetHints":{"allow":["GET"]}}],"collection":[{"href":"https:\/\/www.lerom.ch\/index.php\/wp-json\/wp\/v2\/pages"}],"about":[{"href":"https:\/\/www.lerom.ch\/index.php\/wp-json\/wp\/v2\/types\/page"}],"author":[{"embeddable":true,"href":"https:\/\/www.lerom.ch\/index.php\/wp-json\/wp\/v2\/users\/1"}],"replies":[{"embeddable":true,"href":"https:\/\/www.lerom.ch\/index.php\/wp-json\/wp\/v2\/comments?post=378"}],"version-history":[{"count":28,"href":"https:\/\/www.lerom.ch\/index.php\/wp-json\/wp\/v2\/pages\/378\/revisions"}],"predecessor-version":[{"id":562,"href":"https:\/\/www.lerom.ch\/index.php\/wp-json\/wp\/v2\/pages\/378\/revisions\/562"}],"wp:featuredmedia":[{"embeddable":true,"href":"https:\/\/www.lerom.ch\/index.php\/wp-json\/wp\/v2\/media\/474"}],"wp:attachment":[{"href":"https:\/\/www.lerom.ch\/index.php\/wp-json\/wp\/v2\/media?parent=378"}],"curies":[{"name":"wp","href":"https:\/\/api.w.org\/{rel}","templated":true}]}}