{"id":393,"date":"2020-03-24T14:33:25","date_gmt":"2020-03-24T14:33:25","guid":{"rendered":"http:\/\/www.lerom.ch\/?page_id=393"},"modified":"2021-03-12T10:47:24","modified_gmt":"2021-03-12T10:47:24","slug":"kontaktformular","status":"publish","type":"page","link":"https:\/\/www.lerom.ch\/index.php\/kontaktformular\/","title":{"rendered":"Kontaktformular"},"content":{"rendered":"\n<p>Wir bem\u00fchen uns, Ihre Anfrage so rasch als m\u00f6glich zu beantworten. Felder, die mit einem roten Stern <strong>*<\/strong> markiert sind, m\u00fcssen ausgef\u00fcllt werden. <\/p>\n\n\n\n<p><\/p>\n\n\n\n<div class=\"everest-forms\"><div class=\"evf-container default\" id=\"evf-392\"><form id=\"evf-form-392\" class=\"everest-form\" data-formid=\"392\" data-ajax_submission=\"0\" data-keyboard_friendly_form=\"0\" data-form_state_type=\"\" method=\"post\" enctype=\"multipart\/form-data\" action=\"\/index.php\/wp-json\/wp\/v2\/pages\/393\"><div class=\"evf-field-container\"><input type=\"hidden\" id=\"_wpnonce392\" name=\"_wpnonce392\" value=\"512d407ea3\" \/><input type=\"hidden\" name=\"_wp_http_referer\" value=\"\/index.php\/wp-json\/wp\/v2\/pages\/393\" \/><div class=\"evf-frontend-row\" data-row=\"row_1\" conditional_rules=\"[]\"><div class=\"evf-frontend-grid evf-grid-1\" data-grid=\"grid_1\"><div id=\"evf-392-field_TJBJD4VxV7-1-container\" class=\"evf-field evf-field-last-name form-row validate-required\" data-required-field-message=\"Dies ist ein Pflichtfeld.\" data-field-id=\"TJBJD4VxV7-1\"><label class=\"evf-field-label\" for=\"evf-392-field_TJBJD4VxV7-1\"><span class=\"evf-label\">Nachname<\/span> <abbr class=\"required\" title=\"Required\">*<\/abbr><\/label><input type=\"text\" id=\"evf-392-field_TJBJD4VxV7-1\" class=\"input-text\" name=\"everest_forms[form_fields][TJBJD4VxV7-1]\" required><\/div><div id=\"evf-392-field_fullname-container\" class=\"evf-field evf-field-text form-row validate-required\" data-required-field-message=\"Dies ist ein Pflichtfeld.\" data-field-id=\"fullname\"><label class=\"evf-field-label\" for=\"evf-392-field_fullname\"><span class=\"evf-label\">Vorname<\/span> <abbr class=\"required\" title=\"Required\">*<\/abbr><\/label><input type=\"text\" id=\"evf-392-field_fullname\" class=\"input-text\" name=\"everest_forms[form_fields][fullname]\" required><\/div><div id=\"evf-392-field_Y559nQCtSC-2-container\" class=\"evf-field evf-field-text form-row\" data-field-id=\"Y559nQCtSC-2\"><label class=\"evf-field-label\" for=\"evf-392-field_Y559nQCtSC-2\"><span class=\"evf-label\">Firma<\/span> <\/label><input type=\"text\" id=\"evf-392-field_Y559nQCtSC-2\" class=\"input-text\" name=\"everest_forms[form_fields][Y559nQCtSC-2]\" ><\/div><div id=\"evf-392-field_email-container\" class=\"evf-field evf-field-email form-row validate-required validate-email\" data-required-field-message=\"Dies ist ein Pflichtfeld. Bitte geben Sie eine g\u00fcltige E-Mail Adresse ein.\" data-field-id=\"email\"><label class=\"evf-field-label\" for=\"evf-392-field_email\"><span class=\"evf-label\">Ihre E-Mail Adresse<\/span> <abbr class=\"required\" title=\"Required\">*<\/abbr><\/label><input type=\"email\" id=\"evf-392-field_email\" class=\"input-text\" name=\"everest_forms[form_fields][email]\" required ><\/div><div id=\"evf-392-field_subject-container\" class=\"evf-field evf-field-text form-row validate-required\" data-required-field-message=\"Dies ist ein Pflichtfeld.\" data-field-id=\"subject\"><label class=\"evf-field-label\" for=\"evf-392-field_subject\"><span class=\"evf-label\">Betreff<\/span> <abbr class=\"required\" title=\"Required\">*<\/abbr><\/label><input type=\"text\" id=\"evf-392-field_subject\" class=\"input-text\" name=\"everest_forms[form_fields][subject]\" required><\/div><div id=\"evf-392-field_message-container\" class=\"evf-field evf-field-textarea form-row validate-required\" data-required-field-message=\"Dies ist ein Pflichtfeld.\" data-field-id=\"message\"><label class=\"evf-field-label\" for=\"evf-392-field_message\"><span class=\"evf-label\">Ihre Nachricht<\/span> <abbr class=\"required\" title=\"Required\">*<\/abbr><\/label><textarea id=\"evf-392-field_message\" class=\"input-text\" name=\"everest_forms[form_fields][message]\" required ><\/textarea><\/div><\/div><\/div><\/div><div class=\"evf-honeypot-container evf-field-hp\"><label for=\"evf-392-field-hp\" class=\"evf-field-label\">Name<\/label><input type=\"text\" name=\"everest_forms[hp]\" id=\"evf-392-field-hp\" class=\"input-text\"><\/div><div class=\"evf-recaptcha-container \" style=\"display:block\"><div class=\"g-recaptcha\" data-sitekey=\"6Le_WNQZAAAAAIcQvj6GEzVVHSXLaN9M7-bziRKy\"><\/div><\/div><div class=\"evf-submit-container \" ><input type=\"hidden\" name=\"everest_forms[id]\" value=\"392\"><input type=\"hidden\" name=\"everest_forms[author]\" value=\"1\"><button type='submit' name='everest_forms[submit]' class='everest-forms-submit-button button evf-submit ' id='evf-submit-392' value='evf-submit' data-process-text=\"Verarbeiten\u2026\" conditional_rules='&quot;&quot;' conditional_id='evf-submit-392'  id=\"evf-submit-392\" aria-live=\"assertive\">Senden<\/button><\/div><\/form><\/div><!-- .evf-container --><\/div>\n","protected":false},"excerpt":{"rendered":"<p>Wir bem\u00fchen uns, Ihre Anfrage so rasch als m\u00f6glich zu beantworten. Felder, die mit einem roten Stern * markiert sind, m\u00fcssen ausgef\u00fcllt werden.<\/p>\n","protected":false},"author":1,"featured_media":473,"parent":0,"menu_order":0,"comment_status":"closed","ping_status":"closed","template":"","meta":{"footnotes":"","_links_to":"","_links_to_target":""},"class_list":["post-393","page","type-page","status-publish","has-post-thumbnail","hentry"],"_links":{"self":[{"href":"https:\/\/www.lerom.ch\/index.php\/wp-json\/wp\/v2\/pages\/393","targetHints":{"allow":["GET"]}}],"collection":[{"href":"https:\/\/www.lerom.ch\/index.php\/wp-json\/wp\/v2\/pages"}],"about":[{"href":"https:\/\/www.lerom.ch\/index.php\/wp-json\/wp\/v2\/types\/page"}],"author":[{"embeddable":true,"href":"https:\/\/www.lerom.ch\/index.php\/wp-json\/wp\/v2\/users\/1"}],"replies":[{"embeddable":true,"href":"https:\/\/www.lerom.ch\/index.php\/wp-json\/wp\/v2\/comments?post=393"}],"version-history":[{"count":7,"href":"https:\/\/www.lerom.ch\/index.php\/wp-json\/wp\/v2\/pages\/393\/revisions"}],"predecessor-version":[{"id":540,"href":"https:\/\/www.lerom.ch\/index.php\/wp-json\/wp\/v2\/pages\/393\/revisions\/540"}],"wp:featuredmedia":[{"embeddable":true,"href":"https:\/\/www.lerom.ch\/index.php\/wp-json\/wp\/v2\/media\/473"}],"wp:attachment":[{"href":"https:\/\/www.lerom.ch\/index.php\/wp-json\/wp\/v2\/media?parent=393"}],"curies":[{"name":"wp","href":"https:\/\/api.w.org\/{rel}","templated":true}]}}