{"id":407,"date":"2020-03-24T14:43:59","date_gmt":"2020-03-24T14:43:59","guid":{"rendered":"http:\/\/www.lerom.ch\/?page_id=407"},"modified":"2023-11-09T10:24:30","modified_gmt":"2023-11-09T10:24:30","slug":"datenschutz-2","status":"publish","type":"page","link":"https:\/\/www.lerom.ch\/index.php\/datenschutz-2\/","title":{"rendered":"Datenschutz"},"content":{"rendered":"\n<p>Diese Website wurde mit der allergr\u00f6ssten Vorsicht erstellt. Der Betreiber \u00fcbernimmt keine Gew\u00e4hr f\u00fcr allf\u00e4llige Fehler oder irrt\u00fcmlicherweise falsch gemachte Angaben.<\/p>\n\n\n\n<p>Diese Website verwendet keine Web-Analysetools oder \u00e4hnliche Dienste.<\/p>\n\n\n\n<p>Die Lerom Liegenschaften AG erhebt grunds\u00e4tzlich keine Daten\u00a0via dieser Website und gibt entsprechend Nichts an Dritte weiter.<\/p>\n\n\n\n<p>Das Ausf\u00fcllen des Kontaktformulars und die \u00dcbermittlung dieser Daten geschieht auf Ihren eigenen Wunsch. Wir verarbeiten diese Daten nur im Sinne Ihrer Anfrage\/Ihres Anliegens. Mit der Verwendung des Kontaktformulars stimmen Sie dieser Verarbeitung zu.<\/p>\n\n\n\n<p>Sollten Sie Fragen haben, treten Sie bitte mit uns in Verbindung.<\/p>\n","protected":false},"excerpt":{"rendered":"<p>Diese Website wurde mit der allergr\u00f6ssten Vorsicht erstellt. Der Betreiber \u00fcbernimmt keine Gew\u00e4hr f\u00fcr allf\u00e4llige Fehler oder irrt\u00fcmlicherweise falsch gemachte Angaben. Diese Website verwendet keine Web-Analysetools oder \u00e4hnliche Dienste. Die Lerom Liegenschaften AG erhebt grunds\u00e4tzlich keine Daten\u00a0via dieser Website und gibt entsprechend Nichts an Dritte weiter. Das Ausf\u00fcllen des Kontaktformulars und die \u00dcbermittlung dieser Daten [&hellip;]<\/p>\n","protected":false},"author":1,"featured_media":0,"parent":0,"menu_order":0,"comment_status":"closed","ping_status":"closed","template":"","meta":{"footnotes":"","_links_to":"","_links_to_target":""},"class_list":["post-407","page","type-page","status-publish","hentry"],"_links":{"self":[{"href":"https:\/\/www.lerom.ch\/index.php\/wp-json\/wp\/v2\/pages\/407","targetHints":{"allow":["GET"]}}],"collection":[{"href":"https:\/\/www.lerom.ch\/index.php\/wp-json\/wp\/v2\/pages"}],"about":[{"href":"https:\/\/www.lerom.ch\/index.php\/wp-json\/wp\/v2\/types\/page"}],"author":[{"embeddable":true,"href":"https:\/\/www.lerom.ch\/index.php\/wp-json\/wp\/v2\/users\/1"}],"replies":[{"embeddable":true,"href":"https:\/\/www.lerom.ch\/index.php\/wp-json\/wp\/v2\/comments?post=407"}],"version-history":[{"count":2,"href":"https:\/\/www.lerom.ch\/index.php\/wp-json\/wp\/v2\/pages\/407\/revisions"}],"predecessor-version":[{"id":625,"href":"https:\/\/www.lerom.ch\/index.php\/wp-json\/wp\/v2\/pages\/407\/revisions\/625"}],"wp:attachment":[{"href":"https:\/\/www.lerom.ch\/index.php\/wp-json\/wp\/v2\/media?parent=407"}],"curies":[{"name":"wp","href":"https:\/\/api.w.org\/{rel}","templated":true}]}}