{"id":409,"date":"2020-04-07T05:49:35","date_gmt":"2020-04-07T05:49:35","guid":{"rendered":"http:\/\/www.lerom.ch\/?page_id=409"},"modified":"2026-02-11T16:13:15","modified_gmt":"2026-02-11T16:13:15","slug":"grueezi","status":"publish","type":"page","link":"https:\/\/www.lerom.ch\/","title":{"rendered":"Herzlich Willkommen"},"content":{"rendered":"\n<h2 class=\"wp-block-heading has-text-align-center has-text-color\" style=\"color:#272674\">I d\u00e4 Ostschwiiz dihai si.<\/h2>\n\n\n\n<hr class=\"wp-block-separator has-css-opacity\"\/>\n\n\n\n<p>Herzlich Willkommen bei der Lerom Liegenschaften AG. Wir sind ein Ostschweizer KMU und vermieten Wohn- sowie Gesch\u00e4ftsr\u00e4umlichkeiten und Parkpl\u00e4tze im Eigenbestand.<\/p>\n\n\n\n<p>Gerne hoffen wir, dass Sie das Gesuchte finden &#8211; ansonsten nehmen Sie bitte <a href=\"https:\/\/www.lerom.ch\/index.php\/kontaktformular\/\">Kontakt<\/a> mit uns auf.  <\/p>\n\n\n\n<figure class=\"wp-block-image size-full\"><a href=\"https:\/\/www.lerom.ch\/index.php\/tuebach-oha14\/\"><img loading=\"lazy\" decoding=\"async\" width=\"657\" height=\"369\" src=\"https:\/\/www.lerom.ch\/wp-content\/uploads\/2025\/04\/Banner-Lerom-Neubau.jpg\" alt=\"\" class=\"wp-image-718\" srcset=\"https:\/\/www.lerom.ch\/wp-content\/uploads\/2025\/04\/Banner-Lerom-Neubau.jpg 657w, https:\/\/www.lerom.ch\/wp-content\/uploads\/2025\/04\/Banner-Lerom-Neubau-300x168.jpg 300w\" sizes=\"auto, (max-width: 657px) 100vw, 657px\" \/><\/a><\/figure>\n\n\n\n<p><\/p>\n","protected":false},"excerpt":{"rendered":"<p>I d\u00e4 Ostschwiiz dihai si. Herzlich Willkommen bei der Lerom Liegenschaften AG. Wir sind ein Ostschweizer KMU und vermieten Wohn- sowie Gesch\u00e4ftsr\u00e4umlichkeiten und Parkpl\u00e4tze im Eigenbestand. Gerne hoffen wir, dass Sie das Gesuchte finden &#8211; ansonsten nehmen Sie bitte Kontakt mit uns auf.<\/p>\n","protected":false},"author":1,"featured_media":0,"parent":0,"menu_order":0,"comment_status":"closed","ping_status":"closed","template":"page-with-sidebar","meta":{"footnotes":"","_links_to":"","_links_to_target":""},"class_list":["post-409","page","type-page","status-publish","hentry"],"_links":{"self":[{"href":"https:\/\/www.lerom.ch\/index.php\/wp-json\/wp\/v2\/pages\/409","targetHints":{"allow":["GET"]}}],"collection":[{"href":"https:\/\/www.lerom.ch\/index.php\/wp-json\/wp\/v2\/pages"}],"about":[{"href":"https:\/\/www.lerom.ch\/index.php\/wp-json\/wp\/v2\/types\/page"}],"author":[{"embeddable":true,"href":"https:\/\/www.lerom.ch\/index.php\/wp-json\/wp\/v2\/users\/1"}],"replies":[{"embeddable":true,"href":"https:\/\/www.lerom.ch\/index.php\/wp-json\/wp\/v2\/comments?post=409"}],"version-history":[{"count":42,"href":"https:\/\/www.lerom.ch\/index.php\/wp-json\/wp\/v2\/pages\/409\/revisions"}],"predecessor-version":[{"id":780,"href":"https:\/\/www.lerom.ch\/index.php\/wp-json\/wp\/v2\/pages\/409\/revisions\/780"}],"wp:attachment":[{"href":"https:\/\/www.lerom.ch\/index.php\/wp-json\/wp\/v2\/media?parent=409"}],"curies":[{"name":"wp","href":"https:\/\/api.w.org\/{rel}","templated":true}]}}