{"id":548,"date":"2022-12-07T07:44:15","date_gmt":"2022-12-07T07:44:15","guid":{"rendered":"https:\/\/www.lerom.ch\/?page_id=548"},"modified":"2025-12-23T12:20:46","modified_gmt":"2025-12-23T12:20:46","slug":"moerschwil","status":"publish","type":"page","link":"https:\/\/www.lerom.ch\/index.php\/moerschwil\/","title":{"rendered":"M\u00f6rschwil"},"content":{"rendered":"\n<p>In der steuerg\u00fcnstigen Gemeinde M\u00f6rschwil, ideal zwischen der Stadt St. Gallen und dem Bodensee gelegen mit guter Verkehrsanbindung, besitzt und verwaltet die Lerom Liegenschaften AG eine 4.5-Zimmer Eigentumswohnung im Stockwerkeigentum.<\/p>\n\n\n\n<figure class=\"wp-block-image size-large\"><a href=\"https:\/\/www.lerom.ch\/wp-content\/uploads\/2023\/02\/2022-02-07_Aussen-scaled.jpg\"><img loading=\"lazy\" decoding=\"async\" width=\"1024\" height=\"768\" src=\"https:\/\/www.lerom.ch\/wp-content\/uploads\/2023\/02\/2022-02-07_Aussen-1024x768.jpg\" alt=\"\" class=\"wp-image-564\" srcset=\"https:\/\/www.lerom.ch\/wp-content\/uploads\/2023\/02\/2022-02-07_Aussen-1024x768.jpg 1024w, https:\/\/www.lerom.ch\/wp-content\/uploads\/2023\/02\/2022-02-07_Aussen-300x225.jpg 300w, https:\/\/www.lerom.ch\/wp-content\/uploads\/2023\/02\/2022-02-07_Aussen-768x576.jpg 768w, https:\/\/www.lerom.ch\/wp-content\/uploads\/2023\/02\/2022-02-07_Aussen-1536x1152.jpg 1536w, https:\/\/www.lerom.ch\/wp-content\/uploads\/2023\/02\/2022-02-07_Aussen-2048x1536.jpg 2048w\" sizes=\"auto, (max-width: 1024px) 100vw, 1024px\" \/><\/a><figcaption class=\"wp-element-caption\"> St. Gallerstrasse 22 in 9402 M\u00f6rschwil. <\/figcaption><\/figure>\n\n\n\n<p>Auf gut <strong>110 m2<\/strong> weist die 2023 <strong>renovierte 4.5-Zimmer Wohnung<\/strong> drei Schlafzimmer, zwei B\u00e4der, zwei Balkone (der kleinere ist verglast und so als Wintergarten nutzbar), ein Chemin\u00e9e, eine K\u00fcche mit neuwertigen VZUG-Ger\u00e4ten sowie ein offenes Wohn- und Esszimmer aus. Garderobe und Korridor sind mit Einbauschr\u00e4nken ausgestattet. <\/p>\n\n\n\n<p>Zur Wohnung geh\u00f6rt ein rund 10 m2 grosses <strong>Kellerabteil<\/strong>. <\/p>\n\n\n\n<p>Eine <strong>eigene<\/strong>, ebenfalls gut<strong> <\/strong>10 m2 grosse <strong>Waschk\u00fcche<\/strong> mit Waschmaschine, Tumbler, Lufttrockner und Leinen zum Aufh\u00e4ngen rundet das tolle Angebot ab. <\/p>\n\n\n\n<p>Die <strong>Tiefgarage <\/strong>wird mit allen f\u00fcnf Mehrfamilienh\u00e4usern geteilt. Es bestehen direkte Zug\u00e4nge in die einzelnen Mehrfamilienh\u00e4user, inkl. Lift. <\/p>\n\n\n\n<p>Ein grosser und sch\u00f6ner Kinderspielplatz der Gemeinde befindet sich gleich \u00fcber der Strasse. Ein Ping-Pong Tisch befindet sich auf dem Areal der \u00dcberbauung. <\/p>\n\n\n\n<p>In <strong>Gehdistanz <\/strong>befinden sich:<\/p>\n\n\n\n<ul class=\"wp-block-list\">\n<li>zwei B\u00e4ckereien, beide mit Caf\u00e9\/Restaurant<\/li>\n\n\n\n<li>ein Speise-Restaurant<\/li>\n\n\n\n<li>ein Volg mit Metzgerei<\/li>\n\n\n\n<li>eine Landi<\/li>\n\n\n\n<li>eine Tankstelle<\/li>\n\n\n\n<li>Busanbindung<\/li>\n\n\n\n<li>Bahnanbindung (ca. 15 Minuten zu Fuss, 1.2 km)<\/li>\n\n\n\n<li>eine Hausarztpraxis (ca. 8 Minuten, 500 m) <\/li>\n\n\n\n<li>\u00f6ffentliche Schule, Kindergarten, KiTa<\/li>\n<\/ul>\n\n\n\n<p>Der <strong>Autobahnanschluss <\/strong>in Richtung St. Gallen\/Z\u00fcrich sowie St. Margrethen\/Chur ist nur knapp 3km entfernt. <\/p>\n","protected":false},"excerpt":{"rendered":"<p>In der steuerg\u00fcnstigen Gemeinde M\u00f6rschwil, ideal zwischen der Stadt St. Gallen und dem Bodensee gelegen mit guter Verkehrsanbindung, besitzt und verwaltet die Lerom Liegenschaften AG eine 4.5-Zimmer Eigentumswohnung im Stockwerkeigentum. Auf gut 110 m2 weist die 2023 renovierte 4.5-Zimmer Wohnung drei Schlafzimmer, zwei B\u00e4der, zwei Balkone (der kleinere ist verglast und so als Wintergarten nutzbar), [&hellip;]<\/p>\n","protected":false},"author":1,"featured_media":0,"parent":0,"menu_order":0,"comment_status":"closed","ping_status":"closed","template":"","meta":{"footnotes":"","_links_to":"","_links_to_target":""},"class_list":["post-548","page","type-page","status-publish","hentry"],"_links":{"self":[{"href":"https:\/\/www.lerom.ch\/index.php\/wp-json\/wp\/v2\/pages\/548","targetHints":{"allow":["GET"]}}],"collection":[{"href":"https:\/\/www.lerom.ch\/index.php\/wp-json\/wp\/v2\/pages"}],"about":[{"href":"https:\/\/www.lerom.ch\/index.php\/wp-json\/wp\/v2\/types\/page"}],"author":[{"embeddable":true,"href":"https:\/\/www.lerom.ch\/index.php\/wp-json\/wp\/v2\/users\/1"}],"replies":[{"embeddable":true,"href":"https:\/\/www.lerom.ch\/index.php\/wp-json\/wp\/v2\/comments?post=548"}],"version-history":[{"count":9,"href":"https:\/\/www.lerom.ch\/index.php\/wp-json\/wp\/v2\/pages\/548\/revisions"}],"predecessor-version":[{"id":769,"href":"https:\/\/www.lerom.ch\/index.php\/wp-json\/wp\/v2\/pages\/548\/revisions\/769"}],"wp:attachment":[{"href":"https:\/\/www.lerom.ch\/index.php\/wp-json\/wp\/v2\/media?parent=548"}],"curies":[{"name":"wp","href":"https:\/\/api.w.org\/{rel}","templated":true}]}}