{"id":651,"date":"2023-11-09T12:12:09","date_gmt":"2023-11-09T12:12:09","guid":{"rendered":"https:\/\/www.lerom.ch\/?page_id=651"},"modified":"2023-11-09T12:23:32","modified_gmt":"2023-11-09T12:23:32","slug":"geschichte","status":"publish","type":"page","link":"https:\/\/www.lerom.ch\/index.php\/geschichte\/","title":{"rendered":"Geschichte"},"content":{"rendered":"\n<p><\/p>\n\n\n\n<div class=\"wp-block-group alignfull has-global-padding is-layout-constrained wp-container-core-group-is-layout-669513ed wp-block-group-is-layout-constrained\" style=\"margin-top:0;margin-bottom:0;padding-top:var(--wp--preset--spacing--50);padding-right:var(--wp--preset--spacing--50);padding-bottom:var(--wp--preset--spacing--50);padding-left:var(--wp--preset--spacing--50)\">\n<div class=\"wp-block-group is-vertical is-content-justification-center is-layout-flex wp-container-core-group-is-layout-ce155fab wp-block-group-is-layout-flex\">\n<h2 class=\"wp-block-heading has-text-align-center has-xx-large-font-size\">Unsere Geschichte in Kurzform<\/h2>\n\n\n\n<p class=\"wp-container-content-9cfa9a5a\">Die Lerom Liegenschaften AG ist im Jahr 2007 aus Immobilienteilen der&nbsp;<a href=\"http:\/\/www.leomat.ch\/\" target=\"_blank\" rel=\"noreferrer noopener\">LEOMAT AG<\/a>&nbsp;(T\u00fcbach) entstanden. <\/p>\n\n\n\n<p>Gegr\u00fcndet wurden sowohl die LEOMAT AG, wie auch die Lerom Liegenschaften AG, von Roman Lenherr (sel.). Er war zugleich auch Verwaltungsratspr\u00e4sident beider Unternehmen. <\/p>\n\n\n\n<p>Wir sind stolz auf unseren famili\u00e4ren Ursprung und teilen diese Werte bis heute.<\/p>\n\n\n\n<p class=\"has-medium-font-size\">Im Fr\u00fchjahr 2020 trat Elisa Lenherr nach \u00fcber einem Jahrzehnt in den Diensten der Lerom Liegenschaften AG ihren wohlverdienten Ruhestand an.<\/p>\n\n\n\n<p>In n\u00e4chster Generation verwaltet seither Dimitry Schneider die Immobilien der Unternehmung. <\/p>\n<\/div>\n<\/div>\n","protected":false},"excerpt":{"rendered":"<p>Unsere Geschichte in Kurzform Die Lerom Liegenschaften AG ist im Jahr 2007 aus Immobilienteilen der&nbsp;LEOMAT AG&nbsp;(T\u00fcbach) entstanden. Gegr\u00fcndet wurden sowohl die LEOMAT AG, wie auch die Lerom Liegenschaften AG, von Roman Lenherr (sel.). Er war zugleich auch Verwaltungsratspr\u00e4sident beider Unternehmen. Wir sind stolz auf unseren famili\u00e4ren Ursprung und teilen diese Werte bis heute. Im Fr\u00fchjahr [&hellip;]<\/p>\n","protected":false},"author":1,"featured_media":0,"parent":0,"menu_order":0,"comment_status":"closed","ping_status":"closed","template":"page-no-title","meta":{"footnotes":"","_links_to":"","_links_to_target":""},"class_list":["post-651","page","type-page","status-publish","hentry"],"_links":{"self":[{"href":"https:\/\/www.lerom.ch\/index.php\/wp-json\/wp\/v2\/pages\/651","targetHints":{"allow":["GET"]}}],"collection":[{"href":"https:\/\/www.lerom.ch\/index.php\/wp-json\/wp\/v2\/pages"}],"about":[{"href":"https:\/\/www.lerom.ch\/index.php\/wp-json\/wp\/v2\/types\/page"}],"author":[{"embeddable":true,"href":"https:\/\/www.lerom.ch\/index.php\/wp-json\/wp\/v2\/users\/1"}],"replies":[{"embeddable":true,"href":"https:\/\/www.lerom.ch\/index.php\/wp-json\/wp\/v2\/comments?post=651"}],"version-history":[{"count":4,"href":"https:\/\/www.lerom.ch\/index.php\/wp-json\/wp\/v2\/pages\/651\/revisions"}],"predecessor-version":[{"id":658,"href":"https:\/\/www.lerom.ch\/index.php\/wp-json\/wp\/v2\/pages\/651\/revisions\/658"}],"wp:attachment":[{"href":"https:\/\/www.lerom.ch\/index.php\/wp-json\/wp\/v2\/media?parent=651"}],"curies":[{"name":"wp","href":"https:\/\/api.w.org\/{rel}","templated":true}]}}