{"id":755,"date":"2025-12-23T12:04:41","date_gmt":"2025-12-23T12:04:41","guid":{"rendered":"https:\/\/www.lerom.ch\/?page_id=755"},"modified":"2025-12-23T12:21:08","modified_gmt":"2025-12-23T12:21:08","slug":"tuebach-oha12","status":"publish","type":"page","link":"https:\/\/www.lerom.ch\/index.php\/tuebach-oha12\/","title":{"rendered":"T\u00fcbach &#8211; OHa12"},"content":{"rendered":"\n<p>Die Liegenschaft <strong>Obere Haldenstrasse 12<\/strong> (&#8222;OHa12&#8220;) ist seit Herbst 2025 im Besitz der Lerom Liegenschaften AG. <\/p>\n\n\n\n<p>Derzeit l\u00e4uft ein Architekturwettbewerb mit dem Ziel, eine passende Gestaltungsm\u00f6glichkeit f\u00fcr ein Mehrfamilienhauses zu finden, welches den vorhandenen Platz nutzt und sich gleichwohl harmonisch in die Nachbarschaft einf\u00fcgt. <\/p>\n\n\n\n<p>Mehr Informationen werden hier zu gegebener Zeit ver\u00f6ffentlicht. <\/p>\n\n\n\n<p>In <strong>Gehdistanz <\/strong>befinden sich:<\/p>\n\n\n\n<ul class=\"wp-block-list\">\n<li>Speise-Restaurants<\/li>\n\n\n\n<li>ein Volg mit langen \u00d6ffnungszeiten<\/li>\n\n\n\n<li>Busanbindung<\/li>\n\n\n\n<li>\u00f6ffentliche Schule, Kindergarten, KiTa<\/li>\n<\/ul>\n\n\n\n<p>Der <strong>Autobahnanschluss <\/strong>in Richtung St. Gallen\/Z\u00fcrich sowie St. Margrethen\/Chur ist nur ca. 2.5km entfernt. <\/p>\n\n\n\n<p>Interessiert? Gerne erfahren Sie weitere Details bei einem pers\u00f6nlichen Gespr\u00e4ch.<\/p>\n\n\n\n<div class=\"wp-block-buttons is-layout-flex wp-block-buttons-is-layout-flex\">\n<div class=\"wp-block-button\"><a class=\"wp-block-button__link wp-element-button\" href=\"https:\/\/www.lerom.ch\/index.php\/kontaktformular\/\">Pers\u00f6nlichen Kontakt aufnehmen<\/a><\/div>\n<\/div>\n","protected":false},"excerpt":{"rendered":"<p>Die Liegenschaft Obere Haldenstrasse 12 (&#8222;OHa12&#8220;) ist seit Herbst 2025 im Besitz der Lerom Liegenschaften AG. Derzeit l\u00e4uft ein Architekturwettbewerb mit dem Ziel, eine passende Gestaltungsm\u00f6glichkeit f\u00fcr ein Mehrfamilienhauses zu finden, welches den vorhandenen Platz nutzt und sich gleichwohl harmonisch in die Nachbarschaft einf\u00fcgt. Mehr Informationen werden hier zu gegebener Zeit ver\u00f6ffentlicht. In Gehdistanz befinden [&hellip;]<\/p>\n","protected":false},"author":1,"featured_media":0,"parent":0,"menu_order":0,"comment_status":"closed","ping_status":"closed","template":"","meta":{"footnotes":"","_links_to":"","_links_to_target":""},"class_list":["post-755","page","type-page","status-publish","hentry"],"_links":{"self":[{"href":"https:\/\/www.lerom.ch\/index.php\/wp-json\/wp\/v2\/pages\/755","targetHints":{"allow":["GET"]}}],"collection":[{"href":"https:\/\/www.lerom.ch\/index.php\/wp-json\/wp\/v2\/pages"}],"about":[{"href":"https:\/\/www.lerom.ch\/index.php\/wp-json\/wp\/v2\/types\/page"}],"author":[{"embeddable":true,"href":"https:\/\/www.lerom.ch\/index.php\/wp-json\/wp\/v2\/users\/1"}],"replies":[{"embeddable":true,"href":"https:\/\/www.lerom.ch\/index.php\/wp-json\/wp\/v2\/comments?post=755"}],"version-history":[{"count":2,"href":"https:\/\/www.lerom.ch\/index.php\/wp-json\/wp\/v2\/pages\/755\/revisions"}],"predecessor-version":[{"id":766,"href":"https:\/\/www.lerom.ch\/index.php\/wp-json\/wp\/v2\/pages\/755\/revisions\/766"}],"wp:attachment":[{"href":"https:\/\/www.lerom.ch\/index.php\/wp-json\/wp\/v2\/media?parent=755"}],"curies":[{"name":"wp","href":"https:\/\/api.w.org\/{rel}","templated":true}]}}